{"id":2827,"date":"2023-04-03T16:33:22","date_gmt":"2023-04-03T16:33:22","guid":{"rendered":"https:\/\/posk.org.uk\/?page_id=2827"},"modified":"2024-03-01T14:06:57","modified_gmt":"2024-03-01T14:06:57","slug":"wafers-and-lunches","status":"publish","type":"page","link":"https:\/\/posk.org\/en\/wafers-and-lunches\/","title":{"rendered":"Dinners"},"content":{"rendered":"<div class=\"wpb-content-wrapper\"><p>[vc_row full_width=&#8221;stretch_row_content_no_spaces&#8221; hide_bg_image_on_tablet=&#8221;&#8221; hide_bg_image_on_mobile=&#8221;&#8221; shape_divider_top_front=&#8221;&#8221; shape_divider_bottom_front=&#8221;&#8221; row_delimiter=&#8221;&#8221; row_hide_unfixed=&#8221;&#8221; hide_on_wide=&#8221;&#8221; hide_on_desktop=&#8221;&#8221; hide_on_notebook=&#8221;&#8221; hide_on_tablet=&#8221;&#8221; hide_on_mobile=&#8221;&#8221; hide_on_frontpage=&#8221;&#8221; hide_on_singular=&#8221;&#8221; hide_on_other=&#8221;&#8221; css=&#8221;.vc_custom_1680539274648{background-image: url(https:\/\/posk.org\/wp-content\/uploads\/2023\/04\/oplatek-baner2.jpg?id=2636) !important;background-position: top left !important;}&#8221;][vc_column icons_position=&#8221;left&#8221;][vc_empty_space height=&#8221;100px&#8221; alter_height=&#8221;none&#8221; hide_on_wide=&#8221;&#8221; hide_on_desktop=&#8221;&#8221; hide_on_notebook=&#8221;&#8221; hide_on_tablet=&#8221;1&#8243; hide_on_mobile=&#8221;1&#8243;][vc_empty_space height=&#8221;80px&#8221; alter_height=&#8221;none&#8221; hide_on_wide=&#8221;1&#8243; hide_on_desktop=&#8221;1&#8243; hide_on_notebook=&#8221;1&#8243; hide_on_tablet=&#8221;&#8221; hide_on_mobile=&#8221;1&#8243;][vc_empty_space height=&#8221;60px&#8221; alter_height=&#8221;none&#8221; hide_on_wide=&#8221;1&#8243; hide_on_desktop=&#8221;1&#8243; hide_on_notebook=&#8221;1&#8243; hide_on_tablet=&#8221;1&#8243; hide_on_mobile=&#8221;&#8221;][\/vc_column][\/vc_row][vc_row][vc_column hide_bg_image_on_tablet=&#8221;&#8221; hide_bg_image_on_mobile=&#8221;&#8221; icons_position=&#8221;left&#8221; offset=&#8221;vc_col-lg-6&#8243;][vc_empty_space alter_height=&#8221;small&#8221; hide_on_wide=&#8221;1&#8243; hide_on_desktop=&#8221;&#8221; hide_on_notebook=&#8221;&#8221; hide_on_tablet=&#8221;&#8221; hide_on_mobile=&#8221;1&#8243;][vc_row_inner][vc_column_inner width=&#8221;1\/12&#8243; icons_position=&#8221;left&#8221; offset=&#8221;vc_hidden-lg vc_col-md-2 vc_hidden-xs&#8221;][\/vc_column_inner][vc_column_inner width=&#8221;5\/12&#8243; hide_bg_image_on_tablet=&#8221;&#8221; hide_bg_image_on_mobile=&#8221;&#8221; icons_position=&#8221;left&#8221; offset=&#8221;vc_col-lg-6 vc_col-md-4 vc_col-xs-6&#8243;][vc_single_image image=&#8221;2645&#8243; img_size=&#8221;full&#8221;][vc_empty_space alter_height=&#8221;medium&#8221; hide_on_wide=&#8221;&#8221; hide_on_desktop=&#8221;&#8221; hide_on_notebook=&#8221;&#8221; hide_on_tablet=&#8221;&#8221; hide_on_mobile=&#8221;&#8221;][\/vc_column_inner][vc_column_inner width=&#8221;5\/12&#8243; hide_bg_image_on_tablet=&#8221;&#8221; hide_bg_image_on_mobile=&#8221;&#8221; icons_position=&#8221;left&#8221; offset=&#8221;vc_col-lg-6 vc_col-md-4 vc_col-xs-6&#8243;][vc_empty_space alter_height=&#8221;medium&#8221; hide_on_wide=&#8221;&#8221; hide_on_desktop=&#8221;&#8221; hide_on_notebook=&#8221;&#8221; hide_on_tablet=&#8221;&#8221; hide_on_mobile=&#8221;&#8221;][vc_single_image image=&#8221;2647&#8243; img_size=&#8221;full&#8221; alignment=&#8221;right&#8221;][\/vc_column_inner][vc_column_inner width=&#8221;1\/12&#8243; hide_bg_image_on_tablet=&#8221;&#8221; hide_bg_image_on_mobile=&#8221;&#8221; icons_position=&#8221;left&#8221; offset=&#8221;vc_hidden-lg vc_col-md-2 vc_hidden-xs&#8221;][\/vc_column_inner][\/vc_row_inner][\/vc_column][vc_column hide_bg_image_on_tablet=&#8221;&#8221; hide_bg_image_on_mobile=&#8221;&#8221; icons_position=&#8221;left&#8221; offset=&#8221;vc_col-lg-6&#8243;]<div id=\"sc_content_118496816\"\n\t\tclass=\"sc_content sc_content_default sc_float_center sc_padding_tiny content-side-padding-remove  vc_custom_1557159360446\"><div class=\"sc_content_container\">[vc_empty_space alter_height=&#8221;medium&#8221; hide_on_wide=&#8221;&#8221; hide_on_desktop=&#8221;&#8221; hide_on_notebook=&#8221;&#8221; hide_on_tablet=&#8221;&#8221; hide_on_mobile=&#8221;&#8221;]<div id=\"sc_title_1381818009\"\n\t\tclass=\"sc_title sc_title_accent\"><h4 class=\"sc_item_title sc_title_title sc_align_left sc_item_title_style_accent sc_item_title_tag\"><span class=\"sc_item_title_text\">Chcesz wynaj\u0105\u0107 sal\u0119? Idealna sala na Op\u0142atki i Obiady!<\/span><\/h4><\/div><!-- \/.sc_title -->[vc_empty_space height=&#8221;20px&#8221; alter_height=&#8221;none&#8221; hide_on_wide=&#8221;&#8221; hide_on_desktop=&#8221;&#8221; hide_on_notebook=&#8221;&#8221; hide_on_tablet=&#8221;&#8221; hide_on_mobile=&#8221;1&#8243;][vc_column_text]Mo\u017cna zam\u00f3wi\u0107 Sal\u0119 Malinow\u0105 na Op\u0142atki i Obiady.<\/p>\n<p>Prosimy kontaktowa\u0107 sie z Mened\u017cerem POSK-u na adres e-mailowy <strong>manager@posk.org<\/strong><\/p>\n<p><span data-offset-key=\"5scoa-139-0\">S<\/span><span data-offset-key=\"5scoa-140-0\">ala<\/span><span data-offset-key=\"5scoa-141-0\"> mo<\/span><span data-offset-key=\"5scoa-142-0\">\u017c<\/span><span data-offset-key=\"5scoa-143-0\">e<\/span><span data-offset-key=\"5scoa-144-0\"> p<\/span><span data-offset-key=\"5scoa-145-0\">om<\/span><span data-offset-key=\"5scoa-146-0\">ie<\/span><span data-offset-key=\"5scoa-147-0\">\u015b<\/span><span data-offset-key=\"5scoa-148-0\">ci<\/span><span data-offset-key=\"5scoa-149-0\">\u0107<\/span><span data-offset-key=\"5scoa-150-0\"> 200<\/span><span data-offset-key=\"5scoa-151-0\"> go<\/span><span data-offset-key=\"5scoa-152-0\">\u015b<\/span><span data-offset-key=\"5scoa-153-0\">ci<\/span><span data-offset-key=\"5scoa-154-0\">,<\/span><span data-offset-key=\"5scoa-155-0\"> j<\/span><span data-offset-key=\"5scoa-156-0\">est<\/span><span data-offset-key=\"5scoa-157-0\"> pr<\/span><span data-offset-key=\"5scoa-158-0\">z<\/span><span data-offset-key=\"5scoa-159-0\">est<\/span><span data-offset-key=\"5scoa-160-0\">ron<\/span><span data-offset-key=\"5scoa-161-0\">na<\/span><span data-offset-key=\"5scoa-162-0\"> i<\/span><span data-offset-key=\"5scoa-163-0\"> do<\/span><span data-offset-key=\"5scoa-164-0\">br<\/span><span data-offset-key=\"5scoa-165-0\">ze<\/span><span data-offset-key=\"5scoa-166-0\"> w<\/span><span data-offset-key=\"5scoa-167-0\">y<\/span><span data-offset-key=\"5scoa-168-0\">pos<\/span><span data-offset-key=\"5scoa-169-0\">a<\/span><span data-offset-key=\"5scoa-170-0\">\u017c<\/span><span data-offset-key=\"5scoa-171-0\">ona<\/span><span data-offset-key=\"5scoa-172-0\">.<\/span><span data-offset-key=\"5scoa-173-0\"> Pos<\/span><span data-offset-key=\"5scoa-174-0\">i<\/span><span data-offset-key=\"5scoa-175-0\">ada<\/span><span data-offset-key=\"5scoa-176-0\"> n<\/span><span data-offset-key=\"5scoa-177-0\">ag<\/span><span data-offset-key=\"5scoa-178-0\">\u0142<\/span><span data-offset-key=\"5scoa-179-0\">o<\/span><span data-offset-key=\"5scoa-180-0\">\u015b<\/span><span data-offset-key=\"5scoa-181-0\">n<\/span><span data-offset-key=\"5scoa-182-0\">ien<\/span><span data-offset-key=\"5scoa-183-0\">ie<\/span><span data-offset-key=\"5scoa-184-0\"> i<\/span><span data-offset-key=\"5scoa-185-0\"> scen<\/span><span data-offset-key=\"5scoa-186-0\">\u0119<\/span><span data-offset-key=\"5scoa-187-0\">,<\/span><span data-offset-key=\"5scoa-188-0\"> k<\/span><span data-offset-key=\"5scoa-189-0\">t<\/span><span data-offset-key=\"5scoa-190-0\">\u00f3<\/span><span data-offset-key=\"5scoa-191-0\">re<\/span><span data-offset-key=\"5scoa-192-0\"> mo<\/span><span data-offset-key=\"5scoa-193-0\">\u017c<\/span><span data-offset-key=\"5scoa-194-0\">na<\/span><span data-offset-key=\"5scoa-195-0\"> w<\/span><span data-offset-key=\"5scoa-196-0\">yk<\/span><span data-offset-key=\"5scoa-197-0\">or<\/span><span data-offset-key=\"5scoa-198-0\">zy<\/span><span data-offset-key=\"5scoa-199-0\">sta<\/span><span data-offset-key=\"5scoa-200-0\">\u0107<\/span><span data-offset-key=\"5scoa-201-0\"> wed<\/span><span data-offset-key=\"5scoa-202-0\">\u0142<\/span><span data-offset-key=\"5scoa-203-0\">ug<\/span><span data-offset-key=\"5scoa-204-0\"> \u017c<\/span><span data-offset-key=\"5scoa-205-0\">y<\/span><span data-offset-key=\"5scoa-206-0\">c<\/span><span data-offset-key=\"5scoa-207-0\">zen<\/span><span data-offset-key=\"5scoa-208-0\">ia<\/span><span data-offset-key=\"5scoa-209-0\">.<\/span><span data-offset-key=\"5scoa-210-0\"> Pom<\/span><span data-offset-key=\"5scoa-211-0\">ies<\/span><span data-offset-key=\"5scoa-212-0\">z<\/span><span data-offset-key=\"5scoa-213-0\">c<\/span><span data-offset-key=\"5scoa-214-0\">zen<\/span><span data-offset-key=\"5scoa-215-0\">ie<\/span><span data-offset-key=\"5scoa-216-0\"> ma<\/span><span data-offset-key=\"5scoa-217-0\"> w<\/span><span data-offset-key=\"5scoa-218-0\">ie<\/span><span data-offset-key=\"5scoa-219-0\">le<\/span><span data-offset-key=\"5scoa-220-0\"> ok<\/span><span data-offset-key=\"5scoa-221-0\">ien<\/span><span data-offset-key=\"5scoa-222-0\"> na<\/span><span data-offset-key=\"5scoa-223-0\"> tr<\/span><span data-offset-key=\"5scoa-224-0\">z<\/span><span data-offset-key=\"5scoa-225-0\">ec<\/span><span data-offset-key=\"5scoa-226-0\">im<\/span><span data-offset-key=\"5scoa-227-0\"> pi<\/span><span data-offset-key=\"5scoa-228-0\">\u0119<\/span><span data-offset-key=\"5scoa-229-0\">tr<\/span><span data-offset-key=\"5scoa-230-0\">ze<\/span><span data-offset-key=\"5scoa-231-0\">,<\/span><span data-offset-key=\"5scoa-232-0\"> d<\/span><span data-offset-key=\"5scoa-233-0\">zi<\/span><span data-offset-key=\"5scoa-234-0\">\u0119<\/span><span data-offset-key=\"5scoa-235-0\">ki<\/span><span data-offset-key=\"5scoa-236-0\"> cz<\/span><span data-offset-key=\"5scoa-237-0\">em<\/span><span data-offset-key=\"5scoa-238-0\">u<\/span><span data-offset-key=\"5scoa-239-0\"> do<\/span><span data-offset-key=\"5scoa-240-0\"> sal<\/span><span data-offset-key=\"5scoa-241-0\">i<\/span><span data-offset-key=\"5scoa-242-0\"> d<\/span><span data-offset-key=\"5scoa-243-0\">ost<\/span><span data-offset-key=\"5scoa-244-0\">aj<\/span><span data-offset-key=\"5scoa-245-0\">e<\/span><span data-offset-key=\"5scoa-246-0\"> si<\/span><span data-offset-key=\"5scoa-247-0\">\u0119<\/span><span data-offset-key=\"5scoa-248-0\"> du<\/span><span data-offset-key=\"5scoa-249-0\">\u017c<\/span><span data-offset-key=\"5scoa-250-0\">o<\/span><span data-offset-key=\"5scoa-251-0\"> \u015b<\/span><span data-offset-key=\"5scoa-252-0\">w<\/span><span data-offset-key=\"5scoa-253-0\">iat<\/span><span data-offset-key=\"5scoa-254-0\">\u0142<\/span><span data-offset-key=\"5scoa-255-0\">a<\/span><span data-offset-key=\"5scoa-256-0\">.<\/span>[\/vc_column_text][vc_empty_space height=&#8221;30px&#8221; alter_height=&#8221;medium&#8221; hide_on_wide=&#8221;&#8221; hide_on_desktop=&#8221;&#8221; hide_on_notebook=&#8221;&#8221; hide_on_tablet=&#8221;&#8221; hide_on_mobile=&#8221;&#8221;]<div id=\"sc_button_531358708\"\tclass=\"sc_item_button sc_button_wrap\"><a href=\"http:\/\/posk.org.uk\/kontakt\" class=\"sc_button sc_button_bordered sc_button_size_small sc_button_icon_left\"><span class=\"sc_button_text\"><span class=\"sc_button_title\">Skontaktuj si\u0119 z nami<\/span><\/span><!-- \/.sc_button_text --><\/a><!-- \/.sc_button --><\/div><!-- \/.sc_item_button --><\/div><\/div><!-- \/.sc_content -->[\/vc_column][\/vc_row][vc_row][vc_column icons_position=&#8221;left&#8221;][vc_empty_space height=&#8221;90px&#8221; alter_height=&#8221;none&#8221; hide_on_wide=&#8221;&#8221; hide_on_desktop=&#8221;&#8221; hide_on_notebook=&#8221;&#8221; hide_on_tablet=&#8221;1&#8243; hide_on_mobile=&#8221;1&#8243;][vc_empty_space height=&#8221;70px&#8221; alter_height=&#8221;none&#8221; hide_on_wide=&#8221;1&#8243; hide_on_desktop=&#8221;1&#8243; hide_on_notebook=&#8221;1&#8243; hide_on_tablet=&#8221;&#8221; hide_on_mobile=&#8221;1&#8243;][vc_empty_space height=&#8221;60px&#8221; alter_height=&#8221;none&#8221; hide_on_wide=&#8221;1&#8243; hide_on_desktop=&#8221;1&#8243; hide_on_notebook=&#8221;1&#8243; hide_on_tablet=&#8221;1&#8243; hide_on_mobile=&#8221;&#8221;][\/vc_column][\/vc_row][vc_row full_width=&#8221;stretch_row&#8221; hide_bg_image_on_tablet=&#8221;&#8221; hide_bg_image_on_mobile=&#8221;&#8221; css=&#8221;.vc_custom_1516710417245{background-color: #f2f0ee !important;}&#8221;][vc_column icons_position=&#8221;left&#8221;][vc_empty_space height=&#8221;60px&#8221; alter_height=&#8221;none&#8221; hide_on_wide=&#8221;&#8221; hide_on_desktop=&#8221;&#8221; hide_on_notebook=&#8221;&#8221; hide_on_tablet=&#8221;1&#8243; hide_on_mobile=&#8221;1&#8243;][vc_empty_space height=&#8221;60px&#8221; alter_height=&#8221;none&#8221; hide_on_wide=&#8221;1&#8243; hide_on_desktop=&#8221;1&#8243; hide_on_notebook=&#8221;1&#8243; hide_on_tablet=&#8221;&#8221; hide_on_mobile=&#8221;1&#8243;][vc_empty_space height=&#8221;40px&#8221; alter_height=&#8221;none&#8221; hide_on_wide=&#8221;1&#8243; hide_on_desktop=&#8221;1&#8243; hide_on_notebook=&#8221;1&#8243; hide_on_tablet=&#8221;1&#8243; hide_on_mobile=&#8221;&#8221;]<div id=\"sc_icons_1855287241\" \n\tclass=\"sc_icons sc_icons_default sc_icons_size_medium sc_align_center\"><h4 class=\"sc_item_title sc_icons_title sc_align_center sc_item_title_style_accent sc_item_title_tag\"><span class=\"sc_item_title_text\">Wynajem sali<\/span><\/h4><div class=\"sc_icons_columns_wrap sc_item_columns trx_addons_columns_wrap columns_padding_bottom columns_in_single_row\"><div class=\"trx_addons_column-1_5\"><div class=\"sc_icons_item\"><div class=\"sc_icons_icon sc_icon_type_ icon-04-partnership\"><span class=\"sc_icon_type_ icon-04-partnership\"><\/span><\/div><div class=\"sc_icons_item_details\"><h4 class=\"sc_icons_item_title\"><span>Dekoracja<\/span><\/h4><div class=\"sc_icons_item_description\"><span>Us\u0142uga do wykupienia w POSK lub mo\u017cliwo\u015b\u0107 dekoracji we w\u0142asnym zakresie<\/span><\/div><\/div><\/div><\/div><div class=\"trx_addons_column-1_5\"><div class=\"sc_icons_item\"><div class=\"sc_icons_icon sc_icon_type_ icon-05-focus\"><span class=\"sc_icon_type_ icon-05-focus\"><\/span><\/div><div class=\"sc_icons_item_details\"><h4 class=\"sc_icons_item_title\"><span>Logistyka<\/span><\/h4><div class=\"sc_icons_item_description\"><span>Jeste\u015bmy w stanie doradzi\u0107 Tobie odno\u015bnie organizacji sali<\/span><\/div><\/div><\/div><\/div><div class=\"trx_addons_column-1_5\"><div class=\"sc_icons_item\"><div class=\"sc_icons_icon sc_icon_type_ icon-06-diversity\"><span class=\"sc_icon_type_ icon-06-diversity\"><\/span><\/div><div class=\"sc_icons_item_details\"><h4 class=\"sc_icons_item_title\"><span>Restauracja<\/span><\/h4><div class=\"sc_icons_item_description\"><span>Nasza restauracja \"\u0141owiczanka\" jest dost\u0119pna do zam\u00f3wienia wszystkich da\u0144<\/span><\/div><\/div><\/div><\/div><div class=\"trx_addons_column-1_5\"><div class=\"sc_icons_item\"><div class=\"sc_icons_icon sc_icon_type_ icon-07-expertise\"><span class=\"sc_icon_type_ icon-07-expertise\"><\/span><\/div><div class=\"sc_icons_item_details\"><h4 class=\"sc_icons_item_title\"><span>Bezpiecze\u0144stwo<\/span><\/h4><div class=\"sc_icons_item_description\"><span>Wszyscy go\u015bcie przechodz\u0105 przez recepcj\u0119, jak r\u00f3wnie\u017c w razie problem\u00f3w jeste\u015bmy do dyspozycji<\/span><\/div><\/div><\/div><\/div><div class=\"trx_addons_column-1_5\"><div class=\"sc_icons_item\"><div class=\"sc_icons_icon sc_icon_type_ icon-08-innovation\"><span class=\"sc_icon_type_ icon-08-innovation\"><\/span><\/div><div class=\"sc_icons_item_details\"><h4 class=\"sc_icons_item_title\"><span>Cena<\/span><\/h4><div class=\"sc_icons_item_description\"><span>Cena do uzgodnienia w zale\u017cno\u015bci od ilo\u015bci dni i wyboru, kt\u00f3re dni tygodnia.<\/span><\/div><\/div><\/div><\/div><\/div><\/div><!-- \/.sc_icons -->[vc_empty_space height=&#8221;100px&#8221; alter_height=&#8221;none&#8221; hide_on_wide=&#8221;&#8221; hide_on_desktop=&#8221;&#8221; hide_on_notebook=&#8221;&#8221; hide_on_tablet=&#8221;1&#8243; hide_on_mobile=&#8221;1&#8243;][vc_empty_space height=&#8221;80px&#8221; alter_height=&#8221;none&#8221; hide_on_wide=&#8221;1&#8243; hide_on_desktop=&#8221;1&#8243; hide_on_notebook=&#8221;1&#8243; hide_on_tablet=&#8221;&#8221; hide_on_mobile=&#8221;1&#8243;][vc_empty_space height=&#8221;60px&#8221; alter_height=&#8221;none&#8221; hide_on_wide=&#8221;1&#8243; hide_on_desktop=&#8221;1&#8243; hide_on_notebook=&#8221;1&#8243; hide_on_tablet=&#8221;1&#8243; hide_on_mobile=&#8221;&#8221;][\/vc_column][\/vc_row][vc_row][vc_column icons_position=&#8221;left&#8221;][vc_empty_space height=&#8221;100px&#8221; alter_height=&#8221;none&#8221; hide_on_wide=&#8221;&#8221; hide_on_desktop=&#8221;&#8221; hide_on_notebook=&#8221;&#8221; hide_on_tablet=&#8221;1&#8243; hide_on_mobile=&#8221;1&#8243;][vc_empty_space height=&#8221;80px&#8221; alter_height=&#8221;none&#8221; hide_on_wide=&#8221;1&#8243; hide_on_desktop=&#8221;1&#8243; hide_on_notebook=&#8221;1&#8243; hide_on_tablet=&#8221;&#8221; hide_on_mobile=&#8221;1&#8243;][vc_empty_space height=&#8221;60px&#8221; alter_height=&#8221;none&#8221; hide_on_wide=&#8221;1&#8243; hide_on_desktop=&#8221;1&#8243; hide_on_notebook=&#8221;1&#8243; hide_on_tablet=&#8221;1&#8243; hide_on_mobile=&#8221;&#8221;][\/vc_column][\/vc_row]<\/p>\n<\/div>","protected":false},"excerpt":{"rendered":"<p>[vc_row full_width=&#8221;stretch_row_content_no_spaces&#8221; hide_bg_image_on_tablet=&#8221;&#8221; hide_bg_image_on_mobile=&#8221;&#8221; shape_divider_top_front=&#8221;&#8221; shape_divider_bottom_front=&#8221;&#8221; row_delimiter=&#8221;&#8221; row_hide_unfixed=&#8221;&#8221; hide_on_wide=&#8221;&#8221; hide_on_desktop=&#8221;&#8221; hide_on_notebook=&#8221;&#8221; hide_on_tablet=&#8221;&#8221;&hellip;<\/p>\n","protected":false},"author":11,"featured_media":0,"parent":0,"menu_order":0,"comment_status":"closed","ping_status":"closed","template":"","meta":{"give_campaign_id":0,"footnotes":""},"categories":[],"tags":[],"class_list":["post-2827","page","type-page","status-publish","hentry"],"campaignId":"","_links":{"self":[{"href":"https:\/\/posk.org\/en\/wp-json\/wp\/v2\/pages\/2827","targetHints":{"allow":["GET"]}}],"collection":[{"href":"https:\/\/posk.org\/en\/wp-json\/wp\/v2\/pages"}],"about":[{"href":"https:\/\/posk.org\/en\/wp-json\/wp\/v2\/types\/page"}],"author":[{"embeddable":true,"href":"https:\/\/posk.org\/en\/wp-json\/wp\/v2\/users\/11"}],"replies":[{"embeddable":true,"href":"https:\/\/posk.org\/en\/wp-json\/wp\/v2\/comments?post=2827"}],"version-history":[{"count":12,"href":"https:\/\/posk.org\/en\/wp-json\/wp\/v2\/pages\/2827\/revisions"}],"predecessor-version":[{"id":5018,"href":"https:\/\/posk.org\/en\/wp-json\/wp\/v2\/pages\/2827\/revisions\/5018"}],"wp:attachment":[{"href":"https:\/\/posk.org\/en\/wp-json\/wp\/v2\/media?parent=2827"}],"wp:term":[{"taxonomy":"category","embeddable":true,"href":"https:\/\/posk.org\/en\/wp-json\/wp\/v2\/categories?post=2827"},{"taxonomy":"post_tag","embeddable":true,"href":"https:\/\/posk.org\/en\/wp-json\/wp\/v2\/tags?post=2827"}],"curies":[{"name":"wp","href":"https:\/\/api.w.org\/{rel}","templated":true}]}}