{"id":3143,"date":"2023-04-11T10:40:47","date_gmt":"2023-04-11T10:40:47","guid":{"rendered":"https:\/\/posk.org.uk\/articles-of-association-and-forms-2\/"},"modified":"2024-03-01T14:04:55","modified_gmt":"2024-03-01T14:04:55","slug":"articles-of-association-and-forms-2","status":"publish","type":"page","link":"https:\/\/posk.org\/en\/articles-of-association-and-forms-2\/","title":{"rendered":"Articles of Association and Forms"},"content":{"rendered":"<div class=\"wpb-content-wrapper\"><p>[vc_row][vc_column icons_position=&#8221;left&#8221;][vc_empty_space height=&#8221;100px&#8221; alter_height=&#8221;none&#8221; hide_on_wide=&#8221;&#8221; hide_on_desktop=&#8221;&#8221; hide_on_notebook=&#8221;&#8221; hide_on_tablet=&#8221;1&#8243; hide_on_mobile=&#8221;1&#8243;][vc_empty_space height=&#8221;80px&#8221; alter_height=&#8221;none&#8221; hide_on_wide=&#8221;1&#8243; hide_on_desktop=&#8221;1&#8243; hide_on_notebook=&#8221;1&#8243; hide_on_tablet=&#8221;&#8221; hide_on_mobile=&#8221;1&#8243;][vc_empty_space height=&#8221;60px&#8221; alter_height=&#8221;none&#8221; hide_on_wide=&#8221;1&#8243; hide_on_desktop=&#8221;1&#8243; hide_on_notebook=&#8221;1&#8243; hide_on_tablet=&#8221;1&#8243; hide_on_mobile=&#8221;&#8221;][\/vc_column][\/vc_row][vc_row full_width=&#8221;stretch_row&#8221; equal_height=&#8221;yes&#8221; content_placement=&#8221;top&#8221; hide_bg_image_on_tablet=&#8221;&#8221; hide_bg_image_on_mobile=&#8221;&#8221; css=&#8221;.vc_custom_1557386482016{background-size: cover !important;}&#8221;][vc_column width=&#8221;1\/2&#8243; icons_position=&#8221;left&#8221; offset=&#8221;vc_col-md-5&#8243;][vc_empty_space alter_height=&#8221;medium&#8221; hide_on_wide=&#8221;&#8221; hide_on_desktop=&#8221;&#8221; hide_on_notebook=&#8221;1&#8243; hide_on_tablet=&#8221;1&#8243; hide_on_mobile=&#8221;1&#8243;][vc_empty_space alter_height=&#8221;small&#8221; hide_on_wide=&#8221;&#8221; hide_on_desktop=&#8221;&#8221; hide_on_notebook=&#8221;1&#8243; hide_on_tablet=&#8221;1&#8243; hide_on_mobile=&#8221;1&#8243;]<div id=\"sc_title_531464588\"\n\t\tclass=\"sc_title sc_title_accent\"><h4 class=\"sc_item_title sc_title_title sc_align_left sc_item_title_style_accent sc_item_title_tag\"><span class=\"sc_item_title_text\">Statute & Forms<\/span><\/h4><\/div><!-- \/.sc_title -->[vc_single_image image=&#8221;2993&#8243; css_animation=&#8221;fadeIn&#8221; css=&#8221;.vc_custom_1687007376248{margin-left: -10px !important;}&#8221;][vc_column_text]<\/p>\n<h4>Articles of Association<\/h4>\n<div>Click on the link below to open:<\/div>\n<div><a href=\"https:\/\/posk.org\/wp-content\/uploads\/2023\/04\/Statut_POSK-u.pdf\">POSK_Articles_of_Association.pdf<\/a><\/div>\n<div><\/div>\n<div class=\"wp-block-group\">\n<p>Helpful Polish translation (officially only the English version is valid)<br \/>\n<a href=\"https:\/\/posk.org\/wp-content\/uploads\/2023\/04\/POSK_Statut_pomocne_tlumaczenie.pdf\">POSK_Articles of Association_translation<\/a><\/p>\n<h4><\/h4>\n<h4>Bye-laws<\/h4>\n<div>Click on the link below to open:<br \/>\n<a href=\"https:\/\/posk.org\/wp-content\/uploads\/2023\/04\/POSK_Bye-laws.pdf\">POSK_Bye-laws<\/a><\/div>\n<div class=\"wp-block-group\"><\/div>\n<p>Helpful Polish translation (officially only the English version is valid)<br \/>\n<a href=\"https:\/\/posk.org\/wp-content\/uploads\/2023\/04\/POSK-Regulamin_pomocne_tlumaczenie.pdf\">POSK_Articles of Association_translation<\/a><\/p>\n<\/div>\n<p>[\/vc_column_text]<div id=\"sc_title_1949084712\"\n\t\tclass=\"sc_title sc_title_default  vc_custom_1687008560602\"><h4 class=\"sc_item_title sc_title_title sc_align_left sc_item_title_style_default sc_item_title_tag\"><span class=\"sc_item_title_text\">Forms<\/span><\/h4><span class=\"sc_item_subtitle sc_title_subtitle sc_align_left sc_item_subtitle_below sc_item_title_style_default\">Files for download<\/span><\/div><!-- \/.sc_title -->[vc_column_text]Click on the link below to open:<\/p>\n<p><a href=\"https:\/\/posk.org\/wp-content\/uploads\/2023\/04\/1._Wniosek_o_czonkostwo.pdf\">1. POSK_membership_application.pdf<\/a><\/p>\n<p><a href=\"https:\/\/posk.org\/wp-content\/uploads\/2023\/04\/2._Appointment_of_a_delegate_to_AGM_form.pdf\">2. Appointment_of_a_delegate_to_AGM_form.pdf<\/a><\/p>\n<p><a href=\"https:\/\/posk.org\/wp-content\/uploads\/2023\/04\/3._Proxy_form.pdf\">3._Proxy_form<\/a><\/p>\n<p><a href=\"https:\/\/posk.org\/wp-content\/uploads\/2023\/04\/4._Candidature_for_Council_form.pdf\">4._Candidature_for_Council_form<\/a><\/p>\n<p><a href=\"https:\/\/posk.org\/wp-content\/uploads\/2023\/04\/5._Fit_and_proper_declaration_form.pdf\">5._Fit_and_proper_declaration_form<\/a><\/p>\n<p><a href=\"https:\/\/posk.org\/wp-content\/uploads\/2023\/04\/6._POSK_Declaration_of_Interests_form.pdf\">6._POSK_Declaration_of_Interests_form<\/a><\/p>\n<p><a href=\"https:\/\/posk.org\/wp-content\/uploads\/2023\/04\/7._POSK_Appointment_of_a_Member_of_the_Councilform.pdf\">7._POSK_Appointment_of_a_Member_of_the_Council_form<\/a><\/p>\n<p><a href=\"https:\/\/posk.org\/wp-content\/uploads\/2023\/04\/8._Acceptance_of_Appointment_of_a_Member_of_theCouncil_form.pdf\">8._Acceptance_of_Appointment_of_a_Member_of_the_Council_form<\/a><\/p>\n<p><a href=\"https:\/\/posk.org\/wp-content\/uploads\/2023\/04\/9._POSK_Candidature_for_Election_as_Chairform.pdf\">9._POSK_Candidature_for_Election_as_Chair_form<\/a><\/p>\n<p><a href=\"https:\/\/posk.org\/wp-content\/uploads\/2023\/04\/10._POSK_Candidature_for_Internal_ReviewCommittee_form.pdf\">10._POSK_Candidature_for_Internal_Review_Committee_form<\/a><\/p>\n<p><a href=\"https:\/\/posk.org\/wp-admin\/upload.php?item=2872\">11._POSK_Candidature_for_Appointment_to_the_Internal_Review_Committee_form<\/a>[\/vc_column_text][vc_empty_space height=&#8221;100px&#8221; alter_height=&#8221;none&#8221; hide_on_wide=&#8221;&#8221; hide_on_desktop=&#8221;&#8221; hide_on_notebook=&#8221;&#8221; hide_on_tablet=&#8221;1&#8243; hide_on_mobile=&#8221;1&#8243;][vc_empty_space height=&#8221;80px&#8221; alter_height=&#8221;none&#8221; hide_on_wide=&#8221;1&#8243; hide_on_desktop=&#8221;1&#8243; hide_on_notebook=&#8221;1&#8243; hide_on_tablet=&#8221;&#8221; hide_on_mobile=&#8221;1&#8243;][vc_empty_space height=&#8221;60px&#8221; alter_height=&#8221;none&#8221; hide_on_wide=&#8221;1&#8243; hide_on_desktop=&#8221;1&#8243; hide_on_notebook=&#8221;1&#8243; hide_on_tablet=&#8221;1&#8243; hide_on_mobile=&#8221;&#8221;][\/vc_column][vc_column width=&#8221;1\/2&#8243; icons_position=&#8221;left&#8221;][vc_single_image image=&#8221;3141&#8243; img_size=&#8221;large&#8221; style=&#8221;vc_box_shadow&#8221;][\/vc_column][\/vc_row][vc_row full_width=&#8221;stretch_row&#8221; hide_bg_image_on_tablet=&#8221;&#8221; hide_bg_image_on_mobile=&#8221;&#8221; css=&#8221;.vc_custom_1516703623725{background-color: #f2f0ee !important;}&#8221;][vc_column icons_position=&#8221;left&#8221;]<div id=\"widget_slider_2082809859\" class=\"widget_area sc_widget_slider vc_widget_slider wpb_content_element\"><aside id=\"widget_slider_2082809859_widget\" class=\"widget widget_slider\">\t\t\t<div class=\"slider_wrap slider_engine_swiper\">\n\t\t\t\t<div id=\"widget_slider_2082809859_outer\" class=\"slider_outer slider_swiper_outer slider_style_default slider_outer_direction_horizontal slider_outer_one slider_outer_nopagination slider_outer_nocontrols slider_outer_nocentered slider_outer_overflow_hidden slider_outer_titles_center\"><div id=\"widget_slider_2082809859_swiper\" class=\"slider_container slider_swiper swiper-slider-container slider_nocontrols slider_nocentered slider_overflow_hidden slider_titles_center slider_resize slider_swipe slider_height_auto slider_direction_horizontal slider_nopagination slider_one slider_type_bg\" data-ratio=\"16:9\" data-interval=\"7000\" data-effect=\"slide\" data-pagination=\"bullets\" data-direction=\"horizontal\" data-slides-per-view=\"1\" data-slides-space=\"0\" data-slides-centered=\"0\" data-slides-overflow=\"0\" data-mouse-wheel=\"0\" data-autoplay=\"1\" data-slides-min-width=\"150\"><div class=\"slider-wrapper swiper-wrapper\"><div  class=\"slider-slide swiper-slide\" data-image=\"https:\/\/posk.org\/wp-content\/uploads\/2023\/06\/POSK-online-payment-1.jpg\" data-title=\"Pierwsza p\u0142atno\u015b\u0107 przez terminal p\u0142atniczy\" style=\"background-image:url(https:\/\/posk.org\/wp-content\/uploads\/2023\/06\/POSK-online-payment-1.jpg);\"><div class=\"slide_overlay slide_overlay_small\"><\/div><div class=\"slide_info slide_info_small\"><h3 class=\"slide_title\">Pierwsza p\u0142atno\u015b\u0107 przez terminal p\u0142atniczy<\/h3><\/div><\/div><\/div><!-- \/.slider-wrapper --><\/div><!-- \/.slider_container --><\/div><!-- \/.slider_outer -->\t\t\t<\/div>\n\t\t\t<\/aside><\/div>[\/vc_column][\/vc_row][vc_row][vc_column icons_position=&#8221;left&#8221;][vc_empty_space height=&#8221;100px&#8221; hide_on_wide=&#8221;&#8221; hide_on_desktop=&#8221;&#8221; hide_on_notebook=&#8221;&#8221; hide_on_tablet=&#8221;&#8221; hide_on_mobile=&#8221;&#8221;][\/vc_column][\/vc_row]<\/p>\n<\/div>","protected":false},"excerpt":{"rendered":"<p>[vc_row][vc_column icons_position=&#8221;left&#8221;][vc_empty_space height=&#8221;100px&#8221; alter_height=&#8221;none&#8221; hide_on_wide=&#8221;&#8221; hide_on_desktop=&#8221;&#8221; hide_on_notebook=&#8221;&#8221; hide_on_tablet=&#8221;1&#8243; hide_on_mobile=&#8221;1&#8243;][vc_empty_space height=&#8221;80px&#8221; alter_height=&#8221;none&#8221; hide_on_wide=&#8221;1&#8243;&hellip;<\/p>\n","protected":false},"author":11,"featured_media":0,"parent":0,"menu_order":0,"comment_status":"closed","ping_status":"closed","template":"","meta":{"give_campaign_id":0,"footnotes":""},"categories":[103],"tags":[],"class_list":["post-3143","page","type-page","status-publish","hentry","category-posk-organisation"],"campaignId":"","_links":{"self":[{"href":"https:\/\/posk.org\/en\/wp-json\/wp\/v2\/pages\/3143","targetHints":{"allow":["GET"]}}],"collection":[{"href":"https:\/\/posk.org\/en\/wp-json\/wp\/v2\/pages"}],"about":[{"href":"https:\/\/posk.org\/en\/wp-json\/wp\/v2\/types\/page"}],"author":[{"embeddable":true,"href":"https:\/\/posk.org\/en\/wp-json\/wp\/v2\/users\/11"}],"replies":[{"embeddable":true,"href":"https:\/\/posk.org\/en\/wp-json\/wp\/v2\/comments?post=3143"}],"version-history":[{"count":18,"href":"https:\/\/posk.org\/en\/wp-json\/wp\/v2\/pages\/3143\/revisions"}],"predecessor-version":[{"id":4150,"href":"https:\/\/posk.org\/en\/wp-json\/wp\/v2\/pages\/3143\/revisions\/4150"}],"wp:attachment":[{"href":"https:\/\/posk.org\/en\/wp-json\/wp\/v2\/media?parent=3143"}],"wp:term":[{"taxonomy":"category","embeddable":true,"href":"https:\/\/posk.org\/en\/wp-json\/wp\/v2\/categories?post=3143"},{"taxonomy":"post_tag","embeddable":true,"href":"https:\/\/posk.org\/en\/wp-json\/wp\/v2\/tags?post=3143"}],"curies":[{"name":"wp","href":"https:\/\/api.w.org\/{rel}","templated":true}]}}