{"id":3171,"date":"2023-04-03T19:15:53","date_gmt":"2023-04-03T19:15:53","guid":{"rendered":"https:\/\/posk.org.uk\/cafe-maja\/"},"modified":"2024-03-01T14:05:19","modified_gmt":"2024-03-01T14:05:19","slug":"cafe-maja","status":"publish","type":"page","link":"https:\/\/posk.org\/en\/cafe-maja\/","title":{"rendered":"Caf\u00e9 Maja"},"content":{"rendered":"<div class=\"wpb-content-wrapper\"><p>[vc_section full_width=&#8221;stretch_row&#8221; css=&#8221;.vc_custom_1680550962581{margin-top: -4em !important;padding-top: 0px !important;padding-bottom: 200px !important;background-image: url(https:\/\/www.layoutsforwpbakery.com\/wp-content\/uploads\/2019\/09\/coffee-banner.jpg?id=106) !important;background-position: center !important;background-repeat: no-repeat !important;background-size: cover !important;}&#8221;][vc_row full_width=&#8221;stretch_row&#8221; hide_bg_image_on_tablet=&#8221;&#8221; hide_bg_image_on_mobile=&#8221;&#8221; css=&#8221;.vc_custom_1680547741694{padding-top: 0px !important;}&#8221;][vc_column width=&#8221;1\/2&#8243; icons_position=&#8221;left&#8221;][\/vc_column][vc_column width=&#8221;1\/2&#8243; icons_position=&#8221;left&#8221;][vc_custom_heading text=&#8221;Coffee House Maja&#8221; font_container=&#8221;tag:h1|font_size:70px|text_align:center|color:%23ffffff|line_height:80px&#8221; google_fonts=&#8221;font_family:ABeeZee%3Aregular%2Citalic|font_style:400%20regular%3A400%3Anormal&#8221; css_animation=&#8221;fadeInDown&#8221;][vc_separator color=&#8221;custom&#8221; el_width=&#8221;10&#8243; css=&#8221;.vc_custom_1680551046064{margin-top: -1em !important;}&#8221;][vc_custom_heading text=&#8221;Located on the ground floor of the Center, it offers a wide selection of cold and hot dishes and drinks, as well as traditional Polish pastries.&#8221; font_container=&#8221;tag:p|font_size:16px|text_align:center|color:%23ffffff|line_height:24px&#8221; google_fonts=&#8221;font_family:Open%20Sans%3A300%2C300italic%2Cregular%2Citalic%2C600%2C600italic%2C700%2C700italic%2C800%2C800italic|font_style:400%20regular%3A400%3Anormal&#8221; css_animation=&#8221;fadeInRight&#8221; link=&#8221;url:https%3A%2F%2Fwww.layoutsforwpbakery.com%2Fcoffee-shop%2F|title:Coffee%20Shop||&#8221;][vc_btn title=&#8221;Daily specials&#8221; style=&#8221;outline-custom&#8221; outline_custom_color=&#8221;#ffffff&#8221; outline_custom_hover_background=&#8221;#ffffff&#8221; outline_custom_hover_text=&#8221;#000000&#8243; shape=&#8221;round&#8221; size=&#8221;lg&#8221; align=&#8221;center&#8221; css_animation=&#8221;fadeInUp&#8221; css=&#8221;.vc_custom_1705014687618{margin-top: 20px !important;}&#8221;][\/vc_column][\/vc_row][\/vc_section][vc_section css=&#8221;.vc_custom_1680554034507{padding-top: 0px !important;}&#8221;][vc_row hide_bg_image_on_tablet=&#8221;&#8221; hide_bg_image_on_mobile=&#8221;&#8221;][vc_column icons_position=&#8221;left&#8221;][vc_custom_heading text=&#8221;Our Specialties&#8221; font_container=&#8221;tag:h3|font_size:28px|text_align:center|color:%23dbaa85|line_height:38px&#8221; use_theme_fonts=&#8221;yes&#8221;][vc_custom_heading text=&#8221;MENU&#8221; font_container=&#8221;tag:h2|font_size:50px|text_align:center|color:%23260e0c|line_height:60px&#8221; use_theme_fonts=&#8221;yes&#8221; css=&#8221;.vc_custom_1680555224590{margin-top: -20px !important;}&#8221;][vc_separator color=&#8221;custom&#8221; border_width=&#8221;2&#8243; el_width=&#8221;10&#8243; accent_color=&#8221;#dbaa85&#8243; css=&#8221;.vc_custom_1680557088072{margin-top: -1em !important;}&#8221;][vc_row_inner content_placement=&#8221;middle&#8221; hide_bg_image_on_tablet=&#8221;&#8221; hide_bg_image_on_mobile=&#8221;&#8221; css=&#8221;.vc_custom_1680557308690{margin-top: -20px !important;}&#8221;][vc_column_inner width=&#8221;1\/2&#8243; icons_position=&#8221;left&#8221;][vc_single_image image=&#8221;2697&#8243; img_size=&#8221;750&#215;750&#8243; alignment=&#8221;center&#8221; css_animation=&#8221;fadeInLeft&#8221;][\/vc_column_inner][vc_column_inner width=&#8221;1\/2&#8243; icons_position=&#8221;left&#8221;][vc_column_text]<\/p>\n<h6><strong>Our menu includes<br \/>\n<\/strong><\/h6>\n<div>* Soups<\/div>\n<div>* Hearty Dishes<\/div>\n<div>* Pierogi (Polish dumplings)<\/div>\n<div>* Pancakes<\/div>\n<div>* Snacks<\/div>\n<div><\/div>\n<div>And of course great coffee and homemade classic Polish cakes!<\/div>\n<p>[\/vc_column_text][vc_empty_space height=&#8221;12px&#8221; hide_on_wide=&#8221;&#8221; hide_on_desktop=&#8221;&#8221; hide_on_notebook=&#8221;&#8221; hide_on_tablet=&#8221;&#8221; hide_on_mobile=&#8221;&#8221;][vc_custom_heading text=&#8221;Nasza kawiarnia posiada r\u00f3wnie\u017c ogr\u00f3dek, gdzie mog\u0105 Pa\u0144stwo rozkoszowa\u0107 si\u0119 posi\u0142kiem w otoczeniu ro\u015blin i na \u015bwie\u017cym powietrzu.&#8221; font_container=&#8221;tag:p|font_size:16px|text_align:left|color:%237a7a7a|line_height:28px&#8221; google_fonts=&#8221;font_family:Open%20Sans%3A300%2C300italic%2Cregular%2Citalic%2C600%2C600italic%2C700%2C700italic%2C800%2C800italic|font_style:400%20regular%3A400%3Anormal&#8221;][vc_zigzag color=&#8221;chino&#8221; align=&#8221;left&#8221; el_width=&#8221;20&#8243; el_border_width=&#8221;10&#8243;][vc_column_text]<\/p>\n<h6><strong>Opening hours:<\/strong><br \/>\nDaily from 09.00 &#8211; 21.00<\/h6>\n<p>[\/vc_column_text][\/vc_column_inner][\/vc_row_inner][\/vc_column][\/vc_row][\/vc_section][vc_section css=&#8221;.vc_custom_1568011285437{margin-top: 30px !important;}&#8221;][vc_row][vc_column icons_position=&#8221;left&#8221;][vc_empty_space height=&#8221;80px&#8221; alter_height=&#8221;medium&#8221; hide_on_wide=&#8221;&#8221; hide_on_desktop=&#8221;&#8221; hide_on_notebook=&#8221;&#8221; hide_on_tablet=&#8221;&#8221; hide_on_mobile=&#8221;&#8221;][\/vc_column][\/vc_row][vc_row hide_bg_image_on_tablet=&#8221;&#8221; hide_bg_image_on_mobile=&#8221;&#8221; css=&#8221;.vc_custom_1680556657721{margin-top: 1em !important;}&#8221;][vc_column css_animation=&#8221;fadeInLeft&#8221; width=&#8221;1\/2&#8243; icons_position=&#8221;left&#8221; css=&#8221;.vc_custom_1568208912881{margin-top: 60px !important;padding-top: 35px !important;padding-right: 70px !important;padding-bottom: 10px !important;padding-left: 30px !important;background-color: #dbab85 !important;background-position: center !important;background-repeat: no-repeat !important;background-size: cover !important;}&#8221;][vc_custom_heading text=&#8221;TRY OUR WONDERFUL COOKING&#8221; font_container=&#8221;tag:h2|font_size:28px|text_align:right|color:%23260e0c|line_height:40px&#8221; use_theme_fonts=&#8221;yes&#8221;][vc_custom_heading text=&#8221;Everything is prepared on site, classic Polish specialties!<br \/>\nHere you will find herring, compote (fruit desserts), and soups!<\/p>\n<p>&#8221; font_container=&#8221;tag:p|font_size:16px|text_align:right|color:%23260e0c|line_height:24px&#8221; google_fonts=&#8221;font_family:Open%20Sans%3A300%2C300italic%2Cregular%2Citalic%2C600%2C600italic%2C700%2C700italic%2C800%2C800italic|font_style:400%20regular%3A400%3Anormal&#8221; css=&#8221;.vc_custom_1705014980283{padding-bottom: 10px !important;}&#8221;][vc_zigzag align=&#8221;right&#8221; el_width=&#8221;20&#8243; el_border_width=&#8221;10&#8243;][\/vc_column][vc_column width=&#8221;1\/2&#8243; icons_position=&#8221;left&#8221; css=&#8221;.vc_custom_1568003966019{background-position: center !important;background-repeat: no-repeat !important;background-size: cover !important;}&#8221;][vc_row_inner][vc_column_inner icons_position=&#8221;left&#8221; css=&#8221;.vc_custom_1568005741144{margin-left: -50px !important;}&#8221;][vc_single_image image=&#8221;2707&#8243; img_size=&#8221;large&#8221; alignment=&#8221;center&#8221; css_animation=&#8221;fadeInRight&#8221;][\/vc_column_inner][\/vc_row_inner][\/vc_column][\/vc_row][\/vc_section][vc_section css=&#8221;.vc_custom_1680558026156{margin-bottom: 10px !important;}&#8221;][vc_row hide_bg_image_on_tablet=&#8221;&#8221; hide_bg_image_on_mobile=&#8221;&#8221;][vc_column icons_position=&#8221;left&#8221;][vc_custom_heading text=&#8221;See our dishes&#8221; font_container=&#8221;tag:h3|font_size:28px|text_align:center|color:%23dbaa85|line_height:38px&#8221; use_theme_fonts=&#8221;yes&#8221;][vc_custom_heading text=&#8221;GALLERY&#8221; font_container=&#8221;tag:h2|font_size:50px|text_align:center|color:%23260e0c|line_height:60px&#8221; use_theme_fonts=&#8221;yes&#8221; css=&#8221;.vc_custom_1705014998813{margin-top: -20px !important;margin-bottom: -1em !important;}&#8221;][vc_separator color=&#8221;custom&#8221; border_width=&#8221;2&#8243; el_width=&#8221;10&#8243; accent_color=&#8221;#dbaa85&#8243;][vc_row_inner hide_bg_image_on_tablet=&#8221;&#8221; hide_bg_image_on_mobile=&#8221;&#8221; css=&#8221;.vc_custom_1680559000284{margin-top: -10px !important;}&#8221;][vc_column_inner width=&#8221;1\/4&#8243; icons_position=&#8221;left&#8221;][vc_single_image image=&#8221;2589&#8243; img_size=&#8221;300&#215;300&#8243; alignment=&#8221;center&#8221;][\/vc_column_inner][vc_column_inner width=&#8221;1\/4&#8243; icons_position=&#8221;left&#8221;][vc_single_image image=&#8221;2591&#8243; img_size=&#8221;300&#215;300&#8243; alignment=&#8221;center&#8221;][\/vc_column_inner][vc_column_inner width=&#8221;1\/4&#8243; icons_position=&#8221;left&#8221;][vc_single_image image=&#8221;2713&#8243; img_size=&#8221;300&#215;300&#8243; alignment=&#8221;center&#8221;][\/vc_column_inner][vc_column_inner width=&#8221;1\/4&#8243; icons_position=&#8221;left&#8221;][vc_single_image image=&#8221;2595&#8243; img_size=&#8221;300&#215;300&#8243; alignment=&#8221;center&#8221;][\/vc_column_inner][\/vc_row_inner][vc_row_inner][vc_column_inner width=&#8221;1\/4&#8243; icons_position=&#8221;left&#8221;][vc_single_image image=&#8221;2597&#8243; img_size=&#8221;300&#215;300&#8243; alignment=&#8221;center&#8221;][\/vc_column_inner][vc_column_inner width=&#8221;1\/4&#8243; icons_position=&#8221;left&#8221;][vc_single_image image=&#8221;2709&#8243; img_size=&#8221;300&#215;300&#8243; alignment=&#8221;center&#8221;][\/vc_column_inner][vc_column_inner width=&#8221;1\/4&#8243; icons_position=&#8221;left&#8221;][vc_single_image image=&#8221;2603&#8243; img_size=&#8221;300&#215;300&#8243; alignment=&#8221;center&#8221;][\/vc_column_inner][vc_column_inner width=&#8221;1\/4&#8243; icons_position=&#8221;left&#8221;][vc_single_image image=&#8221;2711&#8243; img_size=&#8221;300&#215;300&#8243; alignment=&#8221;center&#8221;][\/vc_column_inner][\/vc_row_inner][\/vc_column][\/vc_row][\/vc_section]<\/p>\n<\/div>","protected":false},"excerpt":{"rendered":"<p>[vc_section full_width=&#8221;stretch_row&#8221; css=&#8221;.vc_custom_1680550962581{margin-top: -4em !important;padding-top: 0px !important;padding-bottom: 200px !important;background-image: url(https:\/\/www.layoutsforwpbakery.com\/wp-content\/uploads\/2019\/09\/coffee-banner.jpg?id=106) !important;background-position: center&hellip;<\/p>\n","protected":false},"author":11,"featured_media":0,"parent":0,"menu_order":0,"comment_status":"closed","ping_status":"closed","template":"","meta":{"give_campaign_id":0,"footnotes":""},"categories":[],"tags":[],"class_list":["post-3171","page","type-page","status-publish","hentry"],"campaignId":"","_links":{"self":[{"href":"https:\/\/posk.org\/en\/wp-json\/wp\/v2\/pages\/3171","targetHints":{"allow":["GET"]}}],"collection":[{"href":"https:\/\/posk.org\/en\/wp-json\/wp\/v2\/pages"}],"about":[{"href":"https:\/\/posk.org\/en\/wp-json\/wp\/v2\/types\/page"}],"author":[{"embeddable":true,"href":"https:\/\/posk.org\/en\/wp-json\/wp\/v2\/users\/11"}],"replies":[{"embeddable":true,"href":"https:\/\/posk.org\/en\/wp-json\/wp\/v2\/comments?post=3171"}],"version-history":[{"count":13,"href":"https:\/\/posk.org\/en\/wp-json\/wp\/v2\/pages\/3171\/revisions"}],"predecessor-version":[{"id":4210,"href":"https:\/\/posk.org\/en\/wp-json\/wp\/v2\/pages\/3171\/revisions\/4210"}],"wp:attachment":[{"href":"https:\/\/posk.org\/en\/wp-json\/wp\/v2\/media?parent=3171"}],"wp:term":[{"taxonomy":"category","embeddable":true,"href":"https:\/\/posk.org\/en\/wp-json\/wp\/v2\/categories?post=3171"},{"taxonomy":"post_tag","embeddable":true,"href":"https:\/\/posk.org\/en\/wp-json\/wp\/v2\/tags?post=3171"}],"curies":[{"name":"wp","href":"https:\/\/api.w.org\/{rel}","templated":true}]}}